{"id":8205,"date":"2022-03-24T14:58:22","date_gmt":"2022-03-24T14:58:22","guid":{"rendered":"https:\/\/cosmosir.net\/newsite\/?page_id=8205"},"modified":"2022-04-26T23:08:45","modified_gmt":"2022-04-26T23:08:45","slug":"rendicion-cuentas","status":"publish","type":"page","link":"https:\/\/cosmosir.net\/newsite\/rendicion-cuentas\/","title":{"rendered":"RENDICION CUENTAS"},"content":{"rendered":"[vc_row row_type=\u00bbrow\u00bb text_align=\u00bbleft\u00bb css_animation=\u00bb\u00bb][vc_column][vc_column_text]<div id=\"mega-menu-wrap-top-navigation\" class=\"mega-menu-wrap\"><div class=\"mega-menu-toggle\"><div class=\"mega-toggle-blocks-left\"><\/div><div class=\"mega-toggle-blocks-center\"><\/div><div class=\"mega-toggle-blocks-right\"><div class='mega-toggle-block mega-menu-toggle-animated-block mega-toggle-block-0' id='mega-toggle-block-0'><button aria-label=\"Toggle Menu\" class=\"mega-toggle-animated mega-toggle-animated-slider\" type=\"button\" aria-expanded=\"false\">\n                  <span class=\"mega-toggle-animated-box\">\n                    <span class=\"mega-toggle-animated-inner\"><\/span>\n                  <\/span>\n                <\/button><\/div><\/div><\/div><ul id=\"mega-menu-top-navigation\" class=\"mega-menu max-mega-menu mega-menu-horizontal mega-no-js\" data-event=\"hover_intent\" data-effect=\"fade_up\" data-effect-speed=\"200\" data-effect-mobile=\"disabled\" data-effect-speed-mobile=\"0\" data-mobile-force-width=\"false\" data-second-click=\"go\" data-document-click=\"collapse\" data-vertical-behaviour=\"standard\" data-breakpoint=\"768\" data-unbind=\"true\" data-mobile-state=\"collapse_all\" data-hover-intent-timeout=\"300\" data-hover-intent-interval=\"100\"><li class='mega-menu-item mega-menu-item-type-post_type mega-menu-item-object-page mega-align-bottom-left mega-menu-flyout mega-menu-item-7928' id='mega-menu-item-7928'><a class=\"mega-menu-link\" href=\"https:\/\/cosmosir.net\/newsite\/radiocosmos\/\" tabindex=\"0\">COSMOS 97.3<\/a><\/li><li class='mega-menu-item mega-menu-item-type-post_type mega-menu-item-object-page mega-align-bottom-left mega-menu-flyout mega-menu-item-7929' id='mega-menu-item-7929'><a class=\"mega-menu-link\" href=\"https:\/\/cosmosir.net\/newsite\/rcc\/\" tabindex=\"0\">RCC<\/a><\/li><li class='mega-menu-item mega-menu-item-type-post_type mega-menu-item-object-page mega-align-bottom-left mega-menu-flyout mega-menu-item-7930' id='mega-menu-item-7930'><a class=\"mega-menu-link\" href=\"https:\/\/cosmosir.net\/newsite\/rci\/\" tabindex=\"0\">RCI<\/a><\/li><li class='mega-menu-item mega-menu-item-type-post_type mega-menu-item-object-page mega-align-bottom-left mega-menu-flyout mega-menu-item-7931' id='mega-menu-item-7931'><a class=\"mega-menu-link\" href=\"https:\/\/cosmosir.net\/newsite\/rcs\/\" tabindex=\"0\">RCS<\/a><\/li><\/ul><\/div>[\/vc_column_text][\/vc_column][\/vc_row][vc_row row_type=\u00bbrow\u00bb text_align=\u00bbleft\u00bb css_animation=\u00bb\u00bb][vc_column width=\u00bb1\/2&#8243;][vc_column_text]<img decoding=\"async\" class=\"alignnone size-full wp-image-7350\" style=\"width: 15em;\" src=\"http:\/\/cosmosir.net\/newsite\/wp-content\/uploads\/2021\/07\/logo_cosmos.svg\" alt=\"\" \/>[\/vc_column_text][\/vc_column][vc_column width=\u00bb1\/2&#8243;][\/vc_column][\/vc_row][vc_row row_type=\u00bbrow\u00bb text_align=\u00bbleft\u00bb css_animation=\u00bb\u00bb css=\u00bb.vc_custom_1648134492429{background-color: #ffffff !important;}\u00bb][vc_column width=\u00bb1\/4&#8243;][\/vc_column][vc_column width=\u00bb3\/4&#8243;][vc_separator type=\u00bbnormal\u00bb color=\u00bb#ffffff\u00bb thickness=\u00bb100&#8243;][vc_column_text]\n<ul>\n<li><a href=\"http:\/\/cosmosir.net\/newsite\/wp-content\/uploads\/2022\/04\/Programacio\u0301n-general-Grilla-RC-1.xlsx\">GRILLA DE PROGRAMACI\u00d3N<\/a><\/li>\n<li><a href=\"http:\/\/cosmosir.net\/newsite\/wp-content\/uploads\/2022\/04\/Derechos-SAYCE-SOPROFON-01-scaled.jpg\" target=\"_blank\" rel=\"noopener\">TIPO DE DERECHOS<\/a><\/li>\n<li><a href=\"http:\/\/cosmosir.net\/newsite\/wp-content\/uploads\/2022\/04\/Acta-de-conformaci\u00a2n-de-equipo-10-02-22.pdf\" target=\"_blank\" rel=\"noopener\">FASES &#8211; RENDICI\u00d3N DE CUENTAS<\/a><\/li>\n<li><a href=\"http:\/\/cosmosir.net\/newsite\/wp-content\/uploads\/2022\/04\/LLENADA-DE-FORMULARIO-scaled.jpg\" target=\"_blank\" rel=\"noopener\">FASES &#8211; LLENADO DE FORMULARIO<\/a><\/li>\n<li><a href=\"http:\/\/cosmosir.net\/newsite\/wp-content\/uploads\/2022\/04\/INFORME-DE-RENDICION-DE-CUENTAS-2021-24-03-22-signed.pdf\" target=\"_blank\" rel=\"noopener\">FASES &#8211; REDACCI\u00d3N DEL INFORME<\/a><\/li>\n<li><a href=\"http:\/\/cosmosir.net\/newsite\/wp-content\/uploads\/2022\/04\/Rendici\u00a2n-de-Cuentas-Promoci\u00a2n-24-03-22.mp3\" target=\"_blank\" rel=\"noopener\">FASES &#8211; PROMOCI\u00d3N Y PLANIFICACI\u00d3N<\/a><\/li>\n<li><a href=\"http:\/\/cosmosir.net\/newsite\/wp-content\/uploads\/2022\/04\/RENDICI\u201eN-DE-CUENTAS-24-03-22.mp3\" target=\"_blank\" rel=\"noopener\">FASES &#8211; DIFUSI\u00d3N DEL INFORME DE RENDICI\u00d3N DE CUENTAS 2022<\/a><\/li>\n<li><a href=\"http:\/\/cosmosir.net\/newsite\/wp-content\/uploads\/2022\/04\/INFORME-DE-RENDICIO\u0301N-DE-CUENTAS-RADIOS-COSMOS-2021.pdf\" target=\"_blank\" rel=\"noopener\">RENDICI\u00d3N DE CUENTAS (TEXTO)<\/a><\/li>\n<li><a href=\"http:\/\/cosmosir.net\/newsite\/wp-content\/uploads\/2022\/04\/FORMULARIO-RADIO-COSMOS-973-FM-2021.xls\" target=\"_blank\" rel=\"noopener\">FORMULARIO &#8211; RENDICI\u00d3N DE CUENTAS<\/a><\/li>\n<li><a href=\"http:\/\/cosmosir.net\/newsite\/wp-content\/uploads\/2022\/04\/Registro-pblico-de-Medios-21-04-22.pdf\" target=\"_blank\" rel=\"noopener\">CERTIFICADO &#8211; REGISTRO P\u00daBLICO DE MEDIOS<\/a><\/li>\n<li><a href=\"http:\/\/cosmosir.net\/newsite\/wp-content\/uploads\/2022\/04\/Cod.-Deontolo\u0301gico-Radio-Cosmos.pdf\" target=\"_blank\" rel=\"noopener\">C\u00d3DIGO DEONTOL\u00d3GICO<\/a><\/li>\n<li><a href=\"http:\/\/cosmosir.net\/newsite\/wp-content\/uploads\/2022\/04\/SRI-2021.pdf\" target=\"_blank\" rel=\"noopener\">IMPUESTO A LA RENTA<\/a><\/li>\n<li><a href=\"http:\/\/cosmosir.net\/newsite\/wp-content\/uploads\/2022\/04\/SRI-Certificado.pdf\" target=\"_blank\" rel=\"noopener\">CERTIFICADO SRI<\/a><\/li>\n<\/ul>\n[\/vc_column_text][vc_separator type=\u00bbnormal\u00bb color=\u00bb#ffffff\u00bb thickness=\u00bb100&#8243;][\/vc_column][\/vc_row]\n","protected":false},"excerpt":{"rendered":"<p>[vc_row row_type=\u00bbrow\u00bb text_align=\u00bbleft\u00bb css_animation=\u00bb\u00bb][vc_column][vc_column_text][\/vc_column_text][\/vc_column][\/vc_row][vc_row row_type=\u00bbrow\u00bb text_align=\u00bbleft\u00bb css_animation=\u00bb\u00bb][vc_column width=\u00bb1\/2&#8243;][vc_column_text][\/vc_column_text][\/vc_column][vc_column width=\u00bb1\/2&#8243;][\/vc_column][\/vc_row][vc_row row_type=\u00bbrow\u00bb text_align=\u00bbleft\u00bb css_animation=\u00bb\u00bb css=\u00bb.vc_custom_1648134492429{background-color: #ffffff !important;}\u00bb][vc_column width=\u00bb1\/4&#8243;][\/vc_column][vc_column width=\u00bb3\/4&#8243;][vc_separator type=\u00bbnormal\u00bb color=\u00bb#ffffff\u00bb thickness=\u00bb100&#8243;][vc_column_text] GRILLA DE PROGRAMACI\u00d3N TIPO DE DERECHOS FASES &#8211; RENDICI\u00d3N DE CUENTAS FASES &#8211; LLENADO DE FORMULARIO FASES &#8211; REDACCI\u00d3N DEL INFORME FASES &#8211; PROMOCI\u00d3N Y&#8230;<\/p>\n","protected":false},"author":1,"featured_media":0,"parent":0,"menu_order":0,"comment_status":"closed","ping_status":"closed","template":"elementor_canvas","meta":{"footnotes":""},"class_list":["post-8205","page","type-page","status-publish","hentry"],"_links":{"self":[{"href":"https:\/\/cosmosir.net\/newsite\/wp-json\/wp\/v2\/pages\/8205","targetHints":{"allow":["GET"]}}],"collection":[{"href":"https:\/\/cosmosir.net\/newsite\/wp-json\/wp\/v2\/pages"}],"about":[{"href":"https:\/\/cosmosir.net\/newsite\/wp-json\/wp\/v2\/types\/page"}],"author":[{"embeddable":true,"href":"https:\/\/cosmosir.net\/newsite\/wp-json\/wp\/v2\/users\/1"}],"replies":[{"embeddable":true,"href":"https:\/\/cosmosir.net\/newsite\/wp-json\/wp\/v2\/comments?post=8205"}],"version-history":[{"count":25,"href":"https:\/\/cosmosir.net\/newsite\/wp-json\/wp\/v2\/pages\/8205\/revisions"}],"predecessor-version":[{"id":8378,"href":"https:\/\/cosmosir.net\/newsite\/wp-json\/wp\/v2\/pages\/8205\/revisions\/8378"}],"wp:attachment":[{"href":"https:\/\/cosmosir.net\/newsite\/wp-json\/wp\/v2\/media?parent=8205"}],"curies":[{"name":"wp","href":"https:\/\/api.w.org\/{rel}","templated":true}]}}