{"id":7774,"date":"2021-08-19T21:41:49","date_gmt":"2021-08-19T21:41:49","guid":{"rendered":"https:\/\/cosmosir.net\/newsite\/?page_id=7774"},"modified":"2022-05-18T02:30:07","modified_gmt":"2022-05-18T02:30:07","slug":"rcc","status":"publish","type":"page","link":"https:\/\/cosmosir.net\/newsite\/rcc\/","title":{"rendered":"RCC"},"content":{"rendered":"[vc_row row_type=\u00bbrow\u00bb text_align=\u00bbleft\u00bb css_animation=\u00bb\u00bb css=\u00bb.vc_custom_1629396553075{background-color: #000000 !important;}\u00bb][vc_column][vc_row_inner row_type=\u00bbrow\u00bb text_align=\u00bbleft\u00bb css_animation=\u00bb\u00bb][vc_column_inner][vc_column_text]<div id=\"mega-menu-wrap-top-navigation\" class=\"mega-menu-wrap\"><div class=\"mega-menu-toggle\"><div class=\"mega-toggle-blocks-left\"><\/div><div class=\"mega-toggle-blocks-center\"><\/div><div class=\"mega-toggle-blocks-right\"><div class='mega-toggle-block mega-menu-toggle-animated-block mega-toggle-block-0' id='mega-toggle-block-0'><button aria-label=\"Toggle Menu\" class=\"mega-toggle-animated mega-toggle-animated-slider\" type=\"button\" aria-expanded=\"false\">\n                  <span class=\"mega-toggle-animated-box\">\n                    <span class=\"mega-toggle-animated-inner\"><\/span>\n                  <\/span>\n                <\/button><\/div><\/div><\/div><ul id=\"mega-menu-top-navigation\" class=\"mega-menu max-mega-menu mega-menu-horizontal mega-no-js\" data-event=\"hover_intent\" data-effect=\"fade_up\" data-effect-speed=\"200\" data-effect-mobile=\"disabled\" data-effect-speed-mobile=\"0\" data-mobile-force-width=\"false\" data-second-click=\"go\" data-document-click=\"collapse\" data-vertical-behaviour=\"standard\" data-breakpoint=\"768\" data-unbind=\"true\" data-mobile-state=\"collapse_all\" data-hover-intent-timeout=\"300\" data-hover-intent-interval=\"100\"><li class='mega-menu-item mega-menu-item-type-post_type mega-menu-item-object-page mega-align-bottom-left mega-menu-flyout mega-menu-item-7928' id='mega-menu-item-7928'><a class=\"mega-menu-link\" href=\"https:\/\/cosmosir.net\/newsite\/radiocosmos\/\" tabindex=\"0\">COSMOS 97.3<\/a><\/li><li class='mega-menu-item mega-menu-item-type-post_type mega-menu-item-object-page mega-align-bottom-left mega-menu-flyout mega-menu-item-7929' id='mega-menu-item-7929'><a class=\"mega-menu-link\" href=\"https:\/\/cosmosir.net\/newsite\/rcc\/\" tabindex=\"0\">RCC<\/a><\/li><li class='mega-menu-item mega-menu-item-type-post_type mega-menu-item-object-page mega-align-bottom-left mega-menu-flyout mega-menu-item-7930' id='mega-menu-item-7930'><a class=\"mega-menu-link\" href=\"https:\/\/cosmosir.net\/newsite\/rci\/\" tabindex=\"0\">RCI<\/a><\/li><li class='mega-menu-item mega-menu-item-type-post_type mega-menu-item-object-page mega-align-bottom-left mega-menu-flyout mega-menu-item-7931' id='mega-menu-item-7931'><a class=\"mega-menu-link\" href=\"https:\/\/cosmosir.net\/newsite\/rcs\/\" tabindex=\"0\">RCS<\/a><\/li><\/ul><\/div>[\/vc_column_text][\/vc_column_inner][\/vc_row_inner][vc_row_inner row_type=\u00bbrow\u00bb text_align=\u00bbleft\u00bb css_animation=\u00bb\u00bb css=\u00bb.vc_custom_1629409418483{background-color: #6cc72b !important;}\u00bb][vc_column_inner width=\u00bb1\/2&#8243; css=\u00bb.vc_custom_1629409167262{padding-top: 20px !important;padding-right: 20px !important;padding-bottom: 20px !important;padding-left: 50px !important;}\u00bb][vc_column_text]<img decoding=\"async\" class=\"alignnone size-full wp-image-7350\" style=\"width: 15em;\" src=\"http:\/\/cosmosir.net\/newsite\/wp-content\/uploads\/2021\/07\/logo_rcc_medios.svg\" alt=\"\" \/>[\/vc_column_text][\/vc_column_inner][vc_column_inner width=\u00bb1\/2&#8243;][\/vc_column_inner][\/vc_row_inner][\/vc_column][\/vc_row][vc_row row_type=\u00bbrow\u00bb text_align=\u00bbleft\u00bb css_animation=\u00bb\u00bb][vc_column][vc_parallax][vc_parallax_section title=\u00bbSection 1&#8243; background_image=\u00bb7780&#8243; height=\u00bb550&#8243; position=\u00bbcenter\u00bb][vc_separator type=\u00bbtransparent\u00bb thickness=\u00bb100&#8243;][vc_row_inner row_type=\u00bbsection\u00bb type=\u00bbgrid\u00bb text_align=\u00bbleft\u00bb][vc_column_inner width=\u00bb1\/2&#8243;]<span class=\"fa-stack q_font_awsome_icon_stack fa-5x  q_icon_animation\" style=\"font-size: 90px; transition-delay: 300ms; -webkit-transition-delay: 300ms; -moz-transition-delay: 300ms; -o-transition-delay: 300ms;\"><i class=\"fa fa-circle fa-stack-base fa-stack-2x\" style=\"color: #6cc72b;\"><\/i><i class=\"fa fa-info fa-stack-1x\" style=\"font-size: 90px;color: #ffffff;\"><\/i><\/span>[\/vc_column_inner][vc_column_inner width=\u00bb1\/2&#8243; css=\u00bb.vc_custom_1629412185026{background-color: rgba(108,199,43,0.5) !important;*background-color: rgb(108,199,43) !important;border-radius: 20px !important;}\u00bb]<span class=\"custom_font_holder\" style=\"font-family: Open Sans; font-size: 26px; line-height: 26px; font-style: normal; font-weight: 700; color: #ffffff; text-decoration: none; text-align: center;\">Informaci\u00f3n<\/p>\n<\/span><span class=\"custom_font_holder\" style=\"font-family: Open Sans; font-size: 13px; line-height: 26px; font-style: normal; font-weight: 200; color: #ffffff; text-decoration: none; text-align: left;\">\n<ul>\n<li>Producci\u00f3n de m\u00fasica, video y fotograf\u00eda, aplicadas bajo un nuevo concepto de imagen y sonido.<\/li>\n<li>Nuestra Productora de Medios realiza desde contenido para Redes Sociales, Cu\u00f1as y Spots para radio y televisi\u00f3n hasta los m\u00e1s creativos e interesantes jingles y documentales.<\/li>\n<\/ul>\n<\/span>[vc_separator type=\u00bbtransparent\u00bb][\/vc_column_inner][\/vc_row_inner][\/vc_parallax_section][\/vc_parallax][\/vc_column][\/vc_row][vc_row row_type=\u00bbrow\u00bb text_align=\u00bbleft\u00bb css_animation=\u00bb\u00bb][vc_column width=\u00bb1\/2&#8243;][vc_row_inner row_type=\u00bbrow\u00bb text_align=\u00bbcenter\u00bb css_animation=\u00bbelement_from_left\u00bb css=\u00bb.vc_custom_1629408854962{padding-left: 60px !important;}\u00bb][vc_column_inner][vc_separator type=\u00bbtransparent\u00bb thickness=\u00bb100&#8243;]<span class=\"fa-stack q_font_awsome_icon_stack fa-5x  q_icon_animation\" style=\"font-size: 90px; transition-delay: 300ms; -webkit-transition-delay: 300ms; -moz-transition-delay: 300ms; -o-transition-delay: 300ms;\"><i class=\"fa fa-circle fa-stack-base fa-stack-2x\" style=\"color: #6cc72b;\"><\/i><i class=\"fa fa-list fa-stack-1x\" style=\"font-size: 90px;color: #ffffff;\"><\/i><\/span>[vc_separator type=\u00bbtransparent\u00bb thickness=\u00bb100&#8243;][\/vc_column_inner][\/vc_row_inner][\/vc_column][vc_column width=\u00bb1\/2&#8243;][vc_row_inner row_type=\u00bbrow\u00bb text_align=\u00bbleft\u00bb css_animation=\u00bb\u00bb][vc_column_inner][vc_separator type=\u00bbtransparent\u00bb thickness=\u00bb100&#8243;][vc_column_text]\n<h2><strong><span style=\"color: #ffffff;\">Productos &amp; Servicios<br \/>\n<\/span><\/strong><\/h2>\n[\/vc_column_text][vc_separator type=\u00bbtransparent\u00bb up=\u00bb12&#8243; down=\u00bb12&#8243;][vc_column_text]\n<ul>\n<li><span style=\"color: #ffffff;\">Producci\u00f3n de Contenido para Redes Sociales.<\/span><\/li>\n<li><span style=\"color: #ffffff;\">Grabaci\u00f3n de Proyectos Musicales.<\/span><\/li>\n<li><span style=\"color: #ffffff;\">Producci\u00f3n de Video.<\/span><\/li>\n<li><span style=\"color: #ffffff;\">Producciones de Audio.<\/span><\/li>\n<li><span style=\"color: #ffffff;\">Sesiones Fotogr\u00e1ficas.<\/span><\/li>\n<li><span style=\"color: #ffffff;\">Fotograf\u00eda Publicitaria.<\/span><\/li>\n<li><span style=\"color: #ffffff;\">Masterizaci\u00f3n de Proyectos.<\/span><\/li>\n<li><span style=\"color: #ffffff;\">Creaci\u00f3n de Listas de Reproducci\u00f3n.<\/span><\/li>\n<li><span style=\"color: #ffffff;\">Producciones en Vivo.<\/span><\/li>\n<\/ul>\n[\/vc_column_text][vc_separator type=\u00bbtransparent\u00bb up=\u00bb15&#8243; down=\u00bb15&#8243;][\/vc_column_inner][\/vc_row_inner][\/vc_column][\/vc_row][vc_row row_type=\u00bbrow\u00bb text_align=\u00bbleft\u00bb css_animation=\u00bb\u00bb][vc_column][vc_parallax][vc_parallax_section title=\u00bbSection 1&#8243; background_image=\u00bb7784&#8243; height=\u00bb550&#8243; position=\u00bbcenter\u00bb][vc_separator type=\u00bbtransparent\u00bb up=\u00bb70&#8243; down=\u00bb40&#8243;][vc_column_text]\n<h2><span style=\"color: #ffffff;\">Novedades<\/span><\/h2>\n[\/vc_column_text][vc_separator type=\u00bbtransparent\u00bb up=\u00bb7&#8243; down=\u00bb10&#8243;][vc_column_text]<span style=\"color: #ffffff;\">Noticias y promociones de temporada<\/span>[\/vc_column_text][vc_separator type=\u00bbtransparent\u00bb up=\u00bb18&#8243; down=\u00bb14&#8243;][\/vc_parallax_section][\/vc_parallax][\/vc_column][\/vc_row][vc_row row_type=\u00bbrow\u00bb text_align=\u00bbleft\u00bb css_animation=\u00bb\u00bb][vc_column width=\u00bb1\/2&#8243;][vc_row_inner row_type=\u00bbrow\u00bb text_align=\u00bbcenter\u00bb css_animation=\u00bbelement_from_left\u00bb css=\u00bb.vc_custom_1629408804179{padding-left: 60px !important;}\u00bb][vc_column_inner][vc_separator type=\u00bbtransparent\u00bb thickness=\u00bb100&#8243;]<span class=\"fa-stack q_font_awsome_icon_stack fa-5x  q_icon_animation\" style=\"font-size: 90px; transition-delay: 300ms; -webkit-transition-delay: 300ms; -moz-transition-delay: 300ms; -o-transition-delay: 300ms;\"><i class=\"fa fa-circle fa-stack-base fa-stack-2x\" style=\"color: #6cc72b;\"><\/i><i class=\"fa fa-files-o fa-stack-1x\" style=\"font-size: 90px;color: #ffffff;\"><\/i><\/span>[vc_separator type=\u00bbtransparent\u00bb thickness=\u00bb100&#8243;][\/vc_column_inner][\/vc_row_inner][\/vc_column][vc_column width=\u00bb1\/2&#8243;][vc_row_inner row_type=\u00bbrow\u00bb text_align=\u00bbleft\u00bb css_animation=\u00bb\u00bb][vc_column_inner][vc_separator type=\u00bbtransparent\u00bb thickness=\u00bb100&#8243;][vc_column_text]\n<h2><strong><span style=\"color: #ffffff;\">Reels<\/span><\/strong><\/h2>\n[\/vc_column_text][vc_separator type=\u00bbtransparent\u00bb up=\u00bb12&#8243; down=\u00bb12&#8243;]<div class='projects_holder_outer v2'><div class='projects_holder clearfix v2 hover_text'>\n<article class='mix rcc '><div class='image_holder'><span class='image'><img loading=\"lazy\" decoding=\"async\" width=\"713\" height=\"391\" src=\"https:\/\/cosmosir.net\/newsite\/wp-content\/uploads\/2021\/08\/Muestra-WEB-7-1.jpg\" class=\"attachment-full size-full wp-post-image\" alt=\"\" srcset=\"https:\/\/cosmosir.net\/newsite\/wp-content\/uploads\/2021\/08\/Muestra-WEB-7-1.jpg 713w, https:\/\/cosmosir.net\/newsite\/wp-content\/uploads\/2021\/08\/Muestra-WEB-7-1-300x165.jpg 300w\" sizes=\"auto, (max-width: 713px) 100vw, 713px\" \/><\/span><div class='hover_feature_holder'><span class=\"hover_feature_holder_icons\"><span class=\"hover_feature_holder_icons_outer\"><span class=\"hover_feature_holder_icons_inner\"><a class='lightbox' title='BP' href='https:\/\/cosmosir.net\/newsite\/wp-content\/uploads\/2021\/08\/Muestra-WEB-7-1.jpg' data-rel='prettyPhoto[pretty_photo_gallery]'><i class='fa fa-search fa-2x'><\/i><\/a><a class='preview' target='_self' href='https:\/\/cosmosir.net\/newsite\/portfolio_page\/rcc1\/'><i class='fa fa-link fa-2x'><\/i><\/a><span class='portfolio_like'><a style='font-size:9px;' class=\"qode-like\" id=\"qode-like-7788\" title=\"Like this\"><i class=\"fa fa-heart fa-2x\"><\/i><span class=\"qode-like-count\">0<\/span><\/a><\/span><\/span><\/span><\/span><div class=\"hover_feature_holder_title\"><div class=\"hover_feature_holder_title_inner\"><h4 class=\"portfolio_title\"><a href=\"https:\/\/cosmosir.net\/newsite\/portfolio_page\/rcc1\/\" target=\"_self\">BP<\/a><\/h4><span class=\"project_category\">RCC<\/span><\/div><\/div><\/div><\/div><\/article>\n<article class='mix rcc '><div class='image_holder'><span class='image'><img loading=\"lazy\" decoding=\"async\" width=\"713\" height=\"391\" src=\"https:\/\/cosmosir.net\/newsite\/wp-content\/uploads\/2021\/08\/Muestra-WEB-6-2.jpg\" class=\"attachment-full size-full wp-post-image\" alt=\"\" srcset=\"https:\/\/cosmosir.net\/newsite\/wp-content\/uploads\/2021\/08\/Muestra-WEB-6-2.jpg 713w, https:\/\/cosmosir.net\/newsite\/wp-content\/uploads\/2021\/08\/Muestra-WEB-6-2-300x165.jpg 300w\" sizes=\"auto, (max-width: 713px) 100vw, 713px\" \/><\/span><div class='hover_feature_holder'><span class=\"hover_feature_holder_icons\"><span class=\"hover_feature_holder_icons_outer\"><span class=\"hover_feature_holder_icons_inner\"><a class='lightbox' title='Body Care' href='https:\/\/cosmosir.net\/newsite\/wp-content\/uploads\/2021\/08\/Muestra-WEB-6-2.jpg' data-rel='prettyPhoto[pretty_photo_gallery]'><i class='fa fa-search fa-2x'><\/i><\/a><a class='preview' target='_self' href='https:\/\/cosmosir.net\/newsite\/portfolio_page\/rcc2\/'><i class='fa fa-link fa-2x'><\/i><\/a><span class='portfolio_like'><a style='font-size:9px;' class=\"qode-like\" id=\"qode-like-7794\" title=\"Like this\"><i class=\"fa fa-heart fa-2x\"><\/i><span class=\"qode-like-count\">0<\/span><\/a><\/span><\/span><\/span><\/span><div class=\"hover_feature_holder_title\"><div class=\"hover_feature_holder_title_inner\"><h4 class=\"portfolio_title\"><a href=\"https:\/\/cosmosir.net\/newsite\/portfolio_page\/rcc2\/\" target=\"_self\">Body Care<\/a><\/h4><span class=\"project_category\">RCC<\/span><\/div><\/div><\/div><\/div><\/article>\n<article class='mix rcc '><div class='image_holder'><span class='image'><img loading=\"lazy\" decoding=\"async\" width=\"713\" height=\"391\" src=\"https:\/\/cosmosir.net\/newsite\/wp-content\/uploads\/2021\/08\/Muestra-WEB-8-2.jpg\" class=\"attachment-full size-full wp-post-image\" alt=\"\" srcset=\"https:\/\/cosmosir.net\/newsite\/wp-content\/uploads\/2021\/08\/Muestra-WEB-8-2.jpg 713w, https:\/\/cosmosir.net\/newsite\/wp-content\/uploads\/2021\/08\/Muestra-WEB-8-2-300x165.jpg 300w\" sizes=\"auto, (max-width: 713px) 100vw, 713px\" \/><\/span><div class='hover_feature_holder'><span class=\"hover_feature_holder_icons\"><span class=\"hover_feature_holder_icons_outer\"><span class=\"hover_feature_holder_icons_inner\"><a class='lightbox' title='BP' href='https:\/\/cosmosir.net\/newsite\/wp-content\/uploads\/2021\/08\/Muestra-WEB-8-2.jpg' data-rel='prettyPhoto[pretty_photo_gallery]'><i class='fa fa-search fa-2x'><\/i><\/a><a class='preview' target='_self' href='https:\/\/cosmosir.net\/newsite\/portfolio_page\/rcc3\/'><i class='fa fa-link fa-2x'><\/i><\/a><span class='portfolio_like'><a style='font-size:9px;' class=\"qode-like\" id=\"qode-like-7797\" title=\"Like this\"><i class=\"fa fa-heart fa-2x\"><\/i><span class=\"qode-like-count\">3<\/span><\/a><\/span><\/span><\/span><\/span><div class=\"hover_feature_holder_title\"><div class=\"hover_feature_holder_title_inner\"><h4 class=\"portfolio_title\"><a href=\"https:\/\/cosmosir.net\/newsite\/portfolio_page\/rcc3\/\" target=\"_self\">BP<\/a><\/h4><span class=\"project_category\">RCC<\/span><\/div><\/div><\/div><\/div><\/article>\n<article class='mix rcc '><div class='image_holder'><span class='image'><img loading=\"lazy\" decoding=\"async\" width=\"713\" height=\"391\" src=\"https:\/\/cosmosir.net\/newsite\/wp-content\/uploads\/2021\/08\/Muestra-WEB-9-1.jpg\" class=\"attachment-full size-full wp-post-image\" alt=\"\" srcset=\"https:\/\/cosmosir.net\/newsite\/wp-content\/uploads\/2021\/08\/Muestra-WEB-9-1.jpg 713w, https:\/\/cosmosir.net\/newsite\/wp-content\/uploads\/2021\/08\/Muestra-WEB-9-1-300x165.jpg 300w\" sizes=\"auto, (max-width: 713px) 100vw, 713px\" \/><\/span><div class='hover_feature_holder'><span class=\"hover_feature_holder_icons\"><span class=\"hover_feature_holder_icons_outer\"><span class=\"hover_feature_holder_icons_inner\"><a class='lightbox' title='Componentes' href='https:\/\/cosmosir.net\/newsite\/wp-content\/uploads\/2021\/08\/Muestra-WEB-9-1.jpg' data-rel='prettyPhoto[pretty_photo_gallery]'><i class='fa fa-search fa-2x'><\/i><\/a><a class='preview' target='_self' href='https:\/\/cosmosir.net\/newsite\/portfolio_page\/rcc4\/'><i class='fa fa-link fa-2x'><\/i><\/a><span class='portfolio_like'><a style='font-size:9px;' class=\"qode-like\" id=\"qode-like-7800\" title=\"Like this\"><i class=\"fa fa-heart fa-2x\"><\/i><span class=\"qode-like-count\">0<\/span><\/a><\/span><\/span><\/span><\/span><div class=\"hover_feature_holder_title\"><div class=\"hover_feature_holder_title_inner\"><h4 class=\"portfolio_title\"><a href=\"https:\/\/cosmosir.net\/newsite\/portfolio_page\/rcc4\/\" target=\"_self\">Componentes<\/a><\/h4><span class=\"project_category\">RCC<\/span><\/div><\/div><\/div><\/div><\/article>\n<div class='filler'><\/div>\n<div class='filler'><\/div>\n<\/div><\/div>[vc_separator type=\u00bbtransparent\u00bb up=\u00bb15&#8243; down=\u00bb15&#8243;][\/vc_column_inner][\/vc_row_inner][\/vc_column][\/vc_row][vc_row row_type=\u00bbrow\u00bb text_align=\u00bbleft\u00bb css_animation=\u00bb\u00bb][vc_column][vc_parallax][vc_parallax_section title=\u00bbSection 1&#8243; background_image=\u00bb8007&#8243; height=\u00bb550&#8243; position=\u00bbcenter\u00bb][vc_separator type=\u00bbtransparent\u00bb up=\u00bb70&#8243; down=\u00bb40&#8243;][vc_row_inner row_type=\u00bbsection\u00bb type=\u00bbgrid\u00bb text_align=\u00bbleft\u00bb][vc_column_inner width=\u00bb1\/2&#8243;]<span class=\"fa-stack q_font_awsome_icon_stack fa-5x  q_icon_animation\" style=\"font-size: 90px; transition-delay: 300ms; -webkit-transition-delay: 300ms; -moz-transition-delay: 300ms; -o-transition-delay: 300ms;\"><i class=\"fa fa-circle fa-stack-base fa-stack-2x\" style=\"color: #6cc72b;\"><\/i><i class=\"fa fa-phone fa-stack-1x\" style=\"font-size: 90px;color: #ffffff;\"><\/i><\/span>[\/vc_column_inner][vc_column_inner width=\u00bb1\/2&#8243;][vc_column_text]\n<h2><strong><span style=\"color: #ffffff;\">Contactos<\/span><\/strong><\/h2>\n[\/vc_column_text][vc_column_text]\n<h4><span style=\"color: #ffffff;\">+593 07 2831423<\/span><\/h4>\n<h4><span style=\"color: #ffffff;\">info@rcgrupo.com<\/span><\/h4>\n<h4><span style=\"color: #ffffff;\">Abelardo J. Andrade y Av. de las Am\u00e9ricas.<\/span><\/h4>\n[\/vc_column_text][\/vc_column_inner][\/vc_row_inner][vc_separator type=\u00bbtransparent\u00bb up=\u00bb18&#8243; down=\u00bb14&#8243;][\/vc_parallax_section][\/vc_parallax][\/vc_column][\/vc_row][vc_row row_type=\u00bbrow\u00bb text_align=\u00bbleft\u00bb css_animation=\u00bb\u00bb][vc_column][vc_column_text]\n[\/vc_column_text][\/vc_column][\/vc_row][vc_row row_type=\u00bbrow\u00bb text_align=\u00bbleft\u00bb css_animation=\u00bb\u00bb][vc_column][vc_separator type=\u00bbtransparent\u00bb up=\u00bb18&#8243; down=\u00bb14&#8243;][vc_column_text]\n<p style=\"text-align: center;\"><span style=\"color: #ffffff;\">RC Grupo 2021. Derechos Reservados<\/span><\/p>\n[\/vc_column_text][vc_separator type=\u00bbtransparent\u00bb up=\u00bb18&#8243; down=\u00bb14&#8243;][\/vc_column][\/vc_row]\n","protected":false},"excerpt":{"rendered":"<p>[vc_row row_type=\u00bbrow\u00bb text_align=\u00bbleft\u00bb css_animation=\u00bb\u00bb css=\u00bb.vc_custom_1629396553075{background-color: #000000 !important;}\u00bb][vc_column][vc_row_inner row_type=\u00bbrow\u00bb text_align=\u00bbleft\u00bb css_animation=\u00bb\u00bb][vc_column_inner][vc_column_text][\/vc_column_text][\/vc_column_inner][\/vc_row_inner][vc_row_inner row_type=\u00bbrow\u00bb text_align=\u00bbleft\u00bb css_animation=\u00bb\u00bb css=\u00bb.vc_custom_1629409418483{background-color: #6cc72b !important;}\u00bb][vc_column_inner width=\u00bb1\/2&#8243; css=\u00bb.vc_custom_1629409167262{padding-top: 20px !important;padding-right: 20px !important;padding-bottom: 20px !important;padding-left: 50px !important;}\u00bb][vc_column_text][\/vc_column_text][\/vc_column_inner][vc_column_inner width=\u00bb1\/2&#8243;][\/vc_column_inner][\/vc_row_inner][\/vc_column][\/vc_row][vc_row row_type=\u00bbrow\u00bb text_align=\u00bbleft\u00bb css_animation=\u00bb\u00bb][vc_column][vc_parallax][vc_parallax_section title=\u00bbSection 1&#8243; background_image=\u00bb7780&#8243; height=\u00bb550&#8243; position=\u00bbcenter\u00bb][vc_separator type=\u00bbtransparent\u00bb thickness=\u00bb100&#8243;][vc_row_inner row_type=\u00bbsection\u00bb type=\u00bbgrid\u00bb text_align=\u00bbleft\u00bb][vc_column_inner width=\u00bb1\/2&#8243;][\/vc_column_inner][vc_column_inner width=\u00bb1\/2&#8243; css=\u00bb.vc_custom_1629412185026{background-color: rgba(108,199,43,0.5) !important;*background-color:&#8230;<\/p>\n","protected":false},"author":1,"featured_media":0,"parent":0,"menu_order":0,"comment_status":"open","ping_status":"closed","template":"elementor_canvas","meta":{"footnotes":""},"class_list":["post-7774","page","type-page","status-publish","hentry"],"_links":{"self":[{"href":"https:\/\/cosmosir.net\/newsite\/wp-json\/wp\/v2\/pages\/7774","targetHints":{"allow":["GET"]}}],"collection":[{"href":"https:\/\/cosmosir.net\/newsite\/wp-json\/wp\/v2\/pages"}],"about":[{"href":"https:\/\/cosmosir.net\/newsite\/wp-json\/wp\/v2\/types\/page"}],"author":[{"embeddable":true,"href":"https:\/\/cosmosir.net\/newsite\/wp-json\/wp\/v2\/users\/1"}],"replies":[{"embeddable":true,"href":"https:\/\/cosmosir.net\/newsite\/wp-json\/wp\/v2\/comments?post=7774"}],"version-history":[{"count":24,"href":"https:\/\/cosmosir.net\/newsite\/wp-json\/wp\/v2\/pages\/7774\/revisions"}],"predecessor-version":[{"id":8464,"href":"https:\/\/cosmosir.net\/newsite\/wp-json\/wp\/v2\/pages\/7774\/revisions\/8464"}],"wp:attachment":[{"href":"https:\/\/cosmosir.net\/newsite\/wp-json\/wp\/v2\/media?parent=7774"}],"curies":[{"name":"wp","href":"https:\/\/api.w.org\/{rel}","templated":true}]}}